{"id":136,"date":"2022-04-24T15:07:42","date_gmt":"2022-04-24T15:07:42","guid":{"rendered":"http:\/\/tepropharm.com\/?page_id=136"},"modified":"2022-04-26T09:00:51","modified_gmt":"2022-04-26T09:00:51","slug":"datenschutzerklaerung","status":"publish","type":"page","link":"http:\/\/tepropharm.com\/en\/datenschutzerklaerung\/","title":{"rendered":"Data protection"},"content":{"rendered":"<div data-elementor-type=\"wp-page\" data-elementor-id=\"136\" class=\"elementor elementor-136\" data-elementor-post-type=\"page\">\n\t\t\t\t\t\t<section class=\"elementor-section elementor-top-section elementor-element elementor-element-b265444 elementor-section-boxed elementor-section-height-default elementor-section-height-default\" data-id=\"b265444\" data-element_type=\"section\" data-e-type=\"section\">\n\t\t\t\t\t\t<div class=\"elementor-container elementor-column-gap-default\">\n\t\t\t\t\t<div class=\"elementor-column elementor-col-100 elementor-top-column elementor-element elementor-element-e29f197\" data-id=\"e29f197\" data-element_type=\"column\" data-e-type=\"column\">\n\t\t\t<div class=\"elementor-widget-wrap elementor-element-populated\">\n\t\t\t\t\t\t<div class=\"elementor-element elementor-element-93d2478 elementor-widget elementor-widget-heading\" data-id=\"93d2478\" data-element_type=\"widget\" data-e-type=\"widget\" data-widget_type=\"heading.default\">\n\t\t\t\t<div class=\"elementor-widget-container\">\n\t\t\t\t\t<h2 class=\"elementor-heading-title elementor-size-default\">Data protection<\/h2>\t\t\t\t<\/div>\n\t\t\t\t<\/div>\n\t\t\t\t<div class=\"elementor-element elementor-element-3dbeff0 impressum elementor-widget elementor-widget-text-editor\" data-id=\"3dbeff0\" data-element_type=\"widget\" data-e-type=\"widget\" data-widget_type=\"text-editor.default\">\n\t\t\t\t<div class=\"elementor-widget-container\">\n\t\t\t\t\t\t\t\t\t<p><strong>1. Name und Kontaktdaten des f\u00fcr die Verarbeitung Verantwortlichen :<\/strong><\/p><p style=\"font-weight: 400;\"><strong>Fa. Te\u00adPro\u00adPharm Consult GmbH, Gesch\u00e4ftsf\u00fchrer: Dr. Jens Teichmann, Tulpenstra\u00dfe 31, 82538 Geretsried , E-Mail: in\u00ad<a href=\"mailto:fo@tepropharm.com\">fo@tepropharm.com<\/a><\/strong><\/p><p style=\"font-weight: 400;\"><strong>Telefon: 08171-919 485<\/strong><\/p><p style=\"font-weight: 400;\"><strong>\u00a0<\/strong><\/p><p><strong>2. Erhebung und Speicherung personenbezogener Daten sowie Art und Zweck von de\u00adren Ver\u00adwen\u00addung<\/strong><\/p><p>a) Beim Besuch der Website<\/p><p style=\"font-weight: 400;\">Beim Aufrufen unserer Website www.te\u00adpro\u00adpharm.com wer\u00adden durch den auf Ihrem End\u00adge\u00adr\u00e4t zum Einsatz kommenden Browser automatisch Informationen an den Server un\u00adse\u00adrer Web\u00adsite gesendet. Diese Informationen werden tempor\u00e4r in einem sog. Logfile ge\u00adspei\u00adchert. Fol\u00adgen\u00adde Informationen werden dabei ohne Ihr Zutun erfasst und bis zur au\u00adto\u00adma\u00adti\u00adsier\u00adten L\u00f6\u00adschung gespeichert:<\/p><p style=\"font-weight: 400;\">&#8211; IP-Adresse des anfragenden Rechners,<\/p><p style=\"font-weight: 400;\">&#8211; Datum und Uhrzeit des Zugriffs,<\/p><p style=\"font-weight: 400;\">&#8211; Name und URL der abgerufenen Datei,<\/p><p style=\"font-weight: 400;\">&#8211; Website, von der aus der Zugriff erfolgt (Referrer-URL),<\/p><p style=\"font-weight: 400;\">&#8211; verwendeter Browser und ggf. das Betriebssystem Ihres Rechners sowie der Name Ih\u00adres<\/p><p style=\"font-weight: 400;\">\u00a0\u00a0Access-Providers.<\/p><p style=\"font-weight: 400;\">Die genannten Daten werden durch uns zu folgenden Zwecken verarbeitet:<\/p><p style=\"font-weight: 400;\">&#8211; Gew\u00e4hrleistung eines reibungslosen Verbindungsaufbaus der Website,<\/p><p style=\"font-weight: 400;\">&#8211; Gew\u00e4hrleistung einer komfortablen Nutzung unserer Website,<\/p><p style=\"font-weight: 400;\">&#8211; Auswertung der Systemsicherheit und -stabilit\u00e4t sowie<\/p><p style=\"font-weight: 400;\">&#8211; zu weiteren administrativen Zwecken.<\/p><p style=\"font-weight: 400;\">Die Rechtsgrundlage f\u00fcr die Datenverarbeitung ist Art. 6 Abs. 1 S. 1 lit. f DSGVO. Unser be\u00adrech\u00adtig\u00adtes Interesse folgt aus den oben aufgelisteten Zwecken zur Datenerhebung. In kei\u00adnem Fall verwenden wir die erhobenen Daten zu dem Zweck, R\u00fcckschl\u00fcsse auf Ihre Person zu zie\u00adhen.<\/p><p style=\"font-weight: 400;\">Dar\u00fcber hinaus setzen wir beim Besuch unserer Website Cookies sowie Analysedienste ein. N\u00e4\u00adhe\u00adre Erl\u00e4uterungen dazu erhalten Sie unter den Ziff. 4 und 5 dieser Da\u00adten\u00adschut\u00adzer\u00adkl\u00e4\u00adrung.<\/p><p>b) Bei Nutzung unseres Kontaktformulars<\/p><p style=\"font-weight: 400;\">Bei Fragen jeglicher Art bieten wir Ihnen die M\u00f6glichkeit, mit uns \u00fcber ein auf der Webseite be\u00adreit\u00adge\u00adstelltes Formular Kontakt aufzunehmen. Dabei ist die Angabe einer g\u00fcltigen E-Mail-Adresse erforderlich, damit wir wissen, von wem die Anfrage stammt und um diese be\u00adant\u00adwor\u00adten zu k\u00f6nnen. Weitere Angaben k\u00f6nnen freiwillig get\u00e4tigt werden.<\/p><p style=\"font-weight: 400;\">Die Datenverarbeitung zum Zwecke der Kontaktaufnahme mit uns erfolgt nach Art. 6 Abs. 1 S. 1 lit. a DSGVO auf Grundlage Ihrer freiwillig erteilten Einwilligung.<\/p><p style=\"font-weight: 400;\">Die f\u00fcr die Benutzung des Kontaktformulars von uns erhobenen personenbezogenen Daten wer\u00adden nach Erledigung der von Ihnen gestellten Anfrage automatisch gel\u00f6scht.<\/p><p style=\"font-weight: 400;\"><strong>3. Weitergabe von Daten<\/strong><\/p><p style=\"font-weight: 400;\">Eine \u00dcbermittlung Ihrer pers\u00f6nlichen Daten an Dritte zu anderen als den im Folgenden auf\u00adge\u00adf\u00fchr\u00adten Zwecken findet nicht statt.<\/p><p style=\"font-weight: 400;\">Wir geben Ihre pers\u00f6nlichen Daten nur an Dritte weiter, wenn:<\/p><p style=\"font-weight: 400;\">&#8211; Sie Ihre nach Art. 6 Abs. 1 S. 1 lit. a DSGVO ausdr\u00fcckliche Einwilligung dazu erteilt ha\u00adben,<\/p><p style=\"font-weight: 400;\">&#8211; die Weitergabe nach Art. 6 Abs. 1 S. 1 lit. f DSGVO zur Geltendmachung, Aus\u00fcbung oder Ver\u00adtei\u00addi\u00adgung von Rechtsanspr\u00fcchen erforderlich ist und kein Grund zur Annahme besteht, dass Sie ein \u00fcberwiegendes schutzw\u00fcrdiges Interesse an der Nichtweitergabe Ihrer Daten ha\u00adben,<\/p><p style=\"font-weight: 400;\">&#8211; f\u00fcr den Fall, dass f\u00fcr die Weitergabe nach Art. 6 Abs. 1 S. 1 lit. c DSGVO eine gesetzliche Ver\u00adpflich\u00adtung besteht, sowie<\/p><p style=\"font-weight: 400;\">&#8211; dies gesetzlich zul\u00e4ssig und nach Art. 6 Abs. 1 S. 1 lit. b DSGVO f\u00fcr die Abwicklung von Ver\u00adtrags\u00adver\u00adh\u00e4lt\u00adnis\u00adsen mit Ihnen erforderlich ist.<\/p><p style=\"font-weight: 400;\"><strong>4. Cookies<\/strong><\/p><p style=\"font-weight: 400;\">Wir setzen auf unserer Seite Cookies ein. Hierbei handelt es sich um kleine Dateien, die Ihr Brow\u00adser automatisch erstellt und die auf Ihrem Endger\u00e4t (Laptop, Tablet, Smartphone o.\u00e4.) ge\u00adspei\u00adchert werden, wenn Sie unsere Seite besuchen. Cookies richten auf Ihrem Endger\u00e4t kei\u00adnen Schaden an, enthalten keine Viren, Trojaner oder sonstige Schadsoftware.<\/p><p style=\"font-weight: 400;\">In dem Cookie werden Informationen abgelegt, die sich jeweils im Zusammenhang mit dem spe\u00adzi\u00adfisch eingesetzten Endger\u00e4t ergeben. Dies bedeutet jedoch nicht, dass wir dadurch un\u00admit\u00adtel\u00adbar Kenntnis von Ihrer Identit\u00e4t erhalten.<\/p><p style=\"font-weight: 400;\">Der Einsatz von Cookies dient einerseits dazu, die Nutzung unseres Angebots f\u00fcr Sie an\u00adge\u00adneh\u00admer zu gestalten. So setzen wir sogenannte Session-Cookies ein, um zu erkennen, dass Sie einzelne Seiten unserer Website bereits besucht haben. Diese werden nach Verlassen un\u00adse\u00adrer Seite automatisch gel\u00f6scht.<\/p><p style=\"font-weight: 400;\">Dar\u00fcber hinaus setzen wir ebenfalls zur Optimierung der Benutzerfreundlichkeit tempor\u00e4re Coo\u00adkies ein, die f\u00fcr einen bestimmten festgelegten Zeitraum auf Ihrem Endger\u00e4t ge\u00adspei\u00adchert werden. Besuchen Sie unsere Seite erneut, um unsere Dienste in Anspruch zu neh\u00admen, wird automatisch erkannt, dass Sie bereits bei uns waren und welche Eingaben und Ein\u00adstel\u00adlun\u00adgen Sie get\u00e4tigt haben, um diese nicht noch einmal eingeben zu m\u00fcssen.<\/p><p style=\"font-weight: 400;\">Zum anderen set\u00adzen wir Cookies ein, um die Nutzung unserer Website statistisch zu er\u00adfas\u00adsen und zum Zwecke der Optimierung unseres Angebotes f\u00fcr Sie auszuwerten (siehe Ziff. 5). Diese Cookies erm\u00f6glichen es uns, bei einem erneuten Besuch unserer Seite au\u00adto\u00adma\u00adtisch zu erkennen, dass Sie bereits bei uns waren. Diese Cookies werden nach einer jeweils de\u00adfi\u00adnier\u00adten Zeit automatisch gel\u00f6scht.<\/p><p style=\"font-weight: 400;\">Die durch Cookies verarbeiteten Daten sind f\u00fcr die genannten Zwecke zur Wahrung unserer be\u00adrech\u00adtig\u00adten Interessen sowie der Dritter nach Art. 6 Abs. 1 S. 1 lit. f DSGVO erforderlich.<\/p><p style=\"font-weight: 400;\">Die meisten Browser akzeptieren Cookies automatisch. Sie k\u00f6nnen Ihren Browser jedoch so kon\u00adfi\u00adgu\u00adrie\u00adren, dass keine Cookies auf Ihrem Computer gespeichert werden oder stets ein Hin\u00adweis erscheint, bevor ein neuer Cookie angelegt wird. Die vollst\u00e4ndige Deaktivierung von Coo\u00adkies kann jedoch dazu f\u00fchren, dass Sie nicht alle Funktionen unserer Website nutzen k\u00f6n\u00adnen.<\/p><p style=\"font-weight: 400;\"><strong>5. Analyse-Tools<\/strong><\/p><p>a) Tracking-Tools<\/p><p style=\"font-weight: 400;\">Die im Folgenden aufgef\u00fchrten und von uns eingesetzten Tracking-Ma\u00dfnahmen werden auf Grund\u00adla\u00adge des Art. 6 Abs. 1 S. 1 lit. f DSGVO durchgef\u00fchrt. Mit den zum Einsatz kom\u00admen\u00adden Tracking-Ma\u00dfnahmen wollen wir eine bedarfsgerechte Gestaltung und die fortlaufende Op\u00adti\u00admie\u00adrung unserer Webseite sicherstellen. Zum anderen setzen wir die Tracking-Ma\u00df\u00adnah\u00admen ein, um die Nutzung unserer Webseite statistisch zu erfassen und zum Zwecke der Op\u00adti\u00admie\u00adrung unseres Angebotes f\u00fcr Sie auszuwerten. Diese Interessen sind als berechtigt im Sin\u00adne der vorgenannten Vorschrift anzusehen.<\/p><p style=\"font-weight: 400;\">Die jeweiligen Datenverarbeitungszwecke und Datenkategorien sind aus den ent\u00adspre\u00adchen\u00adden Tracking-Tools zu entnehmen.<\/p><p>i) Google An\u00ada\u00adly\u00adtics<\/p><p style=\"font-weight: 400;\">Zum Zwecke der bedarfsgerechten Gestaltung und fortlaufenden Optimierung unserer Sei\u00adten nutzen wir Google Analytics, ein Webanalysedienst der Google Inc.\u00a0(https:\/\/www.google.de\/intl\/de\/about\/) (1600 Amphitheatre Parkway, Mountain View, CA 94043, USA; im Folgenden \u201eGoogle\u201c).\u00a0In diesem Zusammenhang werden pseudonymisierte Nut\u00adzungs\u00adpro\u00adfi\u00adle erstellt und Cookies (siehe unter Ziff. 4) verwendet. Die durch den Cookie er\u00adzeug\u00adten Informationen \u00fcber Ihre Benutzung dieser Website wie<\/p><p style=\"font-weight: 400;\">&#8211; Browser-Typ\/-Version,<\/p><p style=\"font-weight: 400;\">&#8211; verwendetes Betriebssystem,<\/p><p style=\"font-weight: 400;\">&#8211; Referrer-URL (die zuvor besuchte Seite),<\/p><p style=\"font-weight: 400;\">&#8211; Hostname des zugreifenden Rechners (IP-Adresse),<\/p><p style=\"font-weight: 400;\">&#8211; Uhrzeit der Serveranfrage,<\/p><p style=\"font-weight: 400;\">werden an einen Server von Google in den USA \u00fcbertragen und dort gespeichert. Die In\u00adfor\u00adma\u00adtio\u00adnen werden verwendet, um die Nutzung der Website auszuwerten, um Reports \u00fcber die Websiteaktivit\u00e4ten zusammenzustellen und um weitere mit der Websitenutzung und der In\u00adter\u00adnet\u00adnut\u00adzung verbundene Dienstleistungen zu Zwecken der Marktforschung und be\u00addarfs\u00adge\u00adrech\u00adten Gestaltung dieser Internetseiten zu erbringen. Auch werden diese Informationen ge\u00adge\u00adbe\u00adnen\u00adfalls an Dritte \u00fcbertragen, sofern dies gesetzlich vorgeschrieben ist oder soweit Drit\u00adte diese Daten im Auftrag verarbeiten. Es wird in keinem Fall Ihre IP-Adresse mit an\u00adde\u00adren Daten von Google zusammengef\u00fchrt. Die IP-Adressen werden anonymisiert, so dass ei\u00adne Zuordnung nicht m\u00f6glich ist (IP-Masking).<\/p><p style=\"font-weight: 400;\">Sie k\u00f6nnen die Installation der Cookies durch eine entsprechende Einstellung der Browser-Soft\u00adware verhindern; wir weisen jedoch darauf hin, dass in diesem Fall gegebenenfalls nicht s\u00e4mt\u00adli\u00adche Funktionen dieser Website vollumf\u00e4nglich genutzt werden k\u00f6nnen.<\/p><p style=\"font-weight: 400;\">Sie k\u00f6nnen dar\u00fcber hinaus die Erfassung der durch das Cookie erzeugten und auf Ihre Nut\u00adzung der Website bezogenen Daten (inkl. Ihrer IP-Adresse) sowie die Verarbeitung dieser Da\u00adten durch Google verhindern, indem Sie ein Browser-Add-on herunterladen und in\u00adstal\u00adlie\u00adren (https:\/\/tools.google.com\/dlpage\/gaoptout?hl=de).<\/p><p style=\"font-weight: 400;\">Alternativ zum Browser-Add-on, insbesondere bei Browsern auf mobilen Endger\u00e4ten, k\u00f6n\u00adnen Sie die Erfassung durch Google Analytics zudem verhindern, indem Sie auf diesen Link kli\u00adcken. Es wird ein Opt-out-Cookie gesetzt, das die zuk\u00fcnftige Erfassung Ihrer Daten beim Be\u00adsuch dieser Website verhindert. Der Opt-out-Cookie gilt nur in diesem Browser und nur f\u00fcr unsere Website und wird auf Ihrem Ger\u00e4t abgelegt. L\u00f6schen Sie die Cookies in diesem Brow\u00adser, m\u00fcssen Sie das Opt-out-Cookie erneut setzen.<\/p><p style=\"font-weight: 400;\">Weitere Informationen zum Datenschutz im Zusammenhang mit Google Analytics finden Sie et\u00adwa in der Google Analytics-Hilfe (https:\/\/support.google.com\/analytics\/answer\/6004245?hl=de).<\/p><p style=\"font-weight: 400;\"><strong>6. Betroffenenrechte<\/strong><\/p><p style=\"font-weight: 400;\">Sie haben das Recht:<\/p><p style=\"font-weight: 400;\">&#8211; gem\u00e4\u00df Art. 15 DSGVO Auskunft \u00fcber Ihre von uns verarbeiteten personenbezogenen Da\u00adten zu verlangen. Insbesondere k\u00f6nnen Sie Auskunft \u00fcber die Verarbeitungszwecke, die Ka\u00adte\u00adgo\u00adrie der personenbezogenen Daten, die Kategorien von Empf\u00e4ngern, gegen\u00fcber denen Ih\u00adre Daten offengelegt wurden oder werden, die geplante Speicherdauer, das Bestehen ei\u00adnes Rechts auf Berichtigung, L\u00f6schung, Einschr\u00e4nkung der Verarbeitung oder Widerspruch, das Bestehen eines Beschwerderechts, die Herkunft ihrer Daten, sofern diese nicht bei uns er\u00adho\u00adben wurden, sowie \u00fcber das Bestehen einer automatisierten Entscheidungsfindung ein\u00adschlie\u00df\u00adlich Profiling und ggf. aussagekr\u00e4ftigen Informationen zu deren Einzelheiten ver\u00adlan\u00adgen;<\/p><p style=\"font-weight: 400;\">&#8211; gem\u00e4\u00df Art. 16 DSGVO unverz\u00fcglich die Berichtigung unrichtiger oder Vervollst\u00e4ndigung Ih\u00adrer bei uns gespeicherten personenbezogenen Daten zu verlangen;<\/p><p style=\"font-weight: 400;\">&#8211; gem\u00e4\u00df Art. 17 DSGVO die L\u00f6schung Ihrer bei uns gespeicherten personenbezogenen Da\u00adten zu verlangen, soweit nicht die Verarbeitung zur Aus\u00fcbung des Rechts auf freie Mei\u00adnungs\u00ad\u00e4u\u00ad\u00dfe\u00adrung und Information, zur Erf\u00fcllung einer rechtlichen Verpflichtung, aus Gr\u00fcnden des \u00f6ffentlichen Interesses oder zur Geltendmachung, Aus\u00fcbung oder Verteidigung von Rechts\u00adan\u00adspr\u00fc\u00adchen erforderlich ist;<\/p><p style=\"font-weight: 400;\">&#8211; gem\u00e4\u00df Art. 18 DSGVO die Einschr\u00e4nkung der Verarbeitung Ihrer personenbezogenen Da\u00adten zu verlangen, soweit die Richtigkeit der Daten von Ihnen bestritten wird, die Ver\u00adar\u00adbei\u00adtung un\u00adrecht\u00adm\u00e4\u00ad\u00dfig ist, Sie aber deren L\u00f6schung ablehnen und wir die Daten nicht mehr be\u00adn\u00f6\u00adti\u00adgen, Sie jedoch diese zur Geltendmachung, Aus\u00fcbung oder Verteidigung von Rechts\u00adan\u00adspr\u00fc\u00adchen ben\u00f6tigen oder Sie gem\u00e4\u00df Art. 21 DSGVO Widerspruch gegen die Verarbeitung ein\u00adge\u00adlegt haben;<\/p><p style=\"font-weight: 400;\">&#8211; gem\u00e4\u00df Art. 20 DSGVO Ihre personenbezogenen Daten, die Sie uns bereitgestellt haben, in ei\u00adnem strukturierten, g\u00e4ngigen und maschinenlesebaren Format zu erhalten oder die \u00dcber\u00admitt\u00adlung an einen anderen Verantwortlichen zu verlangen;<\/p><p style=\"font-weight: 400;\">&#8211; gem\u00e4\u00df Art. 7 Abs. 3 DSGVO Ihre einmal erteilte Einwilligung jederzeit gegen\u00fcber uns zu wi\u00adder\u00adru\u00adfen. Dies hat zur Folge, dass wir die Datenverarbeitung, die auf dieser Einwilligung be\u00adruh\u00adte, f\u00fcr die Zukunft nicht mehr fortf\u00fchren d\u00fcrfen und<\/p><p style=\"font-weight: 400;\">&#8211; gem\u00e4\u00df Art. 77 DSGVO sich bei einer Aufsichtsbeh\u00f6rde zu beschweren. In der Regel k\u00f6n\u00adnen Sie sich hierf\u00fcr an die Aufsichtsbeh\u00f6rde Ihres \u00fcblichen Aufenthaltsortes oder Ar\u00adbeits\u00adplat\u00adzes oder unseres Firmensitzes wenden.<\/p><p style=\"font-weight: 400;\"><strong>7. Widerspruchsrecht<\/strong><\/p><p style=\"font-weight: 400;\">Sofern Ihre personenbezogenen Daten auf Grundlage von berechtigten Interessen gem\u00e4\u00df Art. 6 Abs. 1 S. 1 lit. f DSGVO verarbeitet werden, haben Sie das Recht, gem\u00e4\u00df Art. 21 DSGVO Widerspruch gegen die Verarbeitung Ihrer personenbezogenen Daten einzulegen, so\u00adweit daf\u00fcr Gr\u00fcnde vorliegen, die sich aus Ihrer besonderen Situation ergeben oder sich der Widerspruch gegen Direktwerbung richtet. Im letzteren Fall haben Sie ein generelles Wi\u00adder\u00adspruchs\u00adrecht, das ohne Angabe einer besonderen Situation von uns umgesetzt wird.<\/p><p style=\"font-weight: 400;\">M\u00f6chten Sie von Ihrem Widerrufs- oder Widerspruchsrecht Gebrauch machen, gen\u00fcgt eine E-Mail an <a href=\"mailto:info@tepropharm.com\">in\u00adfo@tepropharm.com<\/a><\/p><p style=\"font-weight: 400;\"><strong>8. Datensicherheit<\/strong><\/p><p style=\"font-weight: 400;\">Wir verwenden innerhalb des Website-Besuchs das verbreitete SSL-Verfahren (Secure So\u00adcket Layer) in Verbindung mit der jeweils h\u00f6chsten Verschl\u00fcsselungsstufe, die von Ihrem Brow\u00adser unterst\u00fctzt wird. In der Regel handelt es sich dabei um eine 256 Bit Ver\u00adschl\u00fcs\u00adse\u00adlung. Falls Ihr Browser keine 256-Bit Verschl\u00fcsselung unterst\u00fctzt, greifen wir stattdessen auf 128-Bit v3 Technologie zur\u00fcck. Ob eine einzelne Seite unseres Internetauftrittes ver\u00adschl\u00fcs\u00adselt \u00fcbertragen wird, erkennen Sie an der geschlossenen Darstellung des Sch\u00fcssel- be\u00adzie\u00adhungs\u00adwei\u00adse Schloss-Symbols in der unteren Statusleiste Ihres Browsers.<\/p><p style=\"font-weight: 400;\">Wir bedienen uns im \u00dcbrigen geeigneter technischer und organisatorischer Si\u00adcher\u00adheits\u00adma\u00df\u00adnah\u00admen, um Ihre Daten gegen zuf\u00e4llige oder vors\u00e4tzliche Manipulationen, teilweisen oder voll\u00adst\u00e4n\u00addi\u00adgen Verlust, Zerst\u00f6rung oder gegen den unbefugten Zugriff Dritter zu sch\u00fctzen. Un\u00adse\u00adre Sicherheitsma\u00dfnahmen wer\u00adden entsprechend der technologischen Entwicklung fort\u00adlau\u00adfend verbessert.<\/p><p style=\"font-weight: 400;\"><strong>9. Aktualit\u00e4t und \u00c4nderung dieser Datenschutzerkl\u00e4rung<\/strong><\/p><p style=\"font-weight: 400;\">Diese Datenschutzerkl\u00e4rung ist aktuell g\u00fcltig und hat den Stand Juni 2018.<\/p><p style=\"font-weight: 400;\">Durch die Weiterentwicklung unserer Website und Angebote dar\u00fcber oder aufgrund ge\u00ad\u00e4n\u00adder\u00adter gesetzlicher beziehungsweise beh\u00f6rdlicher Vorgaben kann es notwendig werden, die\u00adse Datenschutzerkl\u00e4rung zu \u00e4ndern. Die jeweils aktuelle Datenschutzerkl\u00e4rung kann je\u00adder\u00adzeit auf der Website un\u00adter www.tepropharm.com von Ihnen abgerufen und aus\u00adge\u00addruckt wer\u00adden.<\/p>\t\t\t\t\t\t\t\t<\/div>\n\t\t\t\t<\/div>\n\t\t\t\t\t<\/div>\n\t\t<\/div>\n\t\t\t\t\t<\/div>\n\t\t<\/section>\n\t\t\t\t<\/div>","protected":false},"excerpt":{"rendered":"<p>Datenschutzerkl\u00e4rung 1. Name und Kontaktdaten des f\u00fcr die Verarbeitung Verantwortlichen : Fa. Te\u00adPro\u00adPharm Consult GmbH, Gesch\u00e4ftsf\u00fchrer: Dr. Jens Teichmann, Tulpenstra\u00dfe 31, 82538 Geretsried , E-Mail: in\u00adfo@tepropharm.com Telefon: 08171-919 485 \u00a0 2. Erhebung und Speicherung personenbezogener Daten sowie Art und Zweck von de\u00adren Ver\u00adwen\u00addung a) Beim Besuch der Website Beim Aufrufen unserer Website www.te\u00adpro\u00adpharm.com wer\u00adden durch [&hellip;]<\/p>\n","protected":false},"author":1,"featured_media":0,"parent":0,"menu_order":0,"comment_status":"closed","ping_status":"closed","template":"","meta":{"footnotes":""},"class_list":["post-136","page","type-page","status-publish","hentry"],"_links":{"self":[{"href":"http:\/\/tepropharm.com\/en\/wp-json\/wp\/v2\/pages\/136","targetHints":{"allow":["GET"]}}],"collection":[{"href":"http:\/\/tepropharm.com\/en\/wp-json\/wp\/v2\/pages"}],"about":[{"href":"http:\/\/tepropharm.com\/en\/wp-json\/wp\/v2\/types\/page"}],"author":[{"embeddable":true,"href":"http:\/\/tepropharm.com\/en\/wp-json\/wp\/v2\/users\/1"}],"replies":[{"embeddable":true,"href":"http:\/\/tepropharm.com\/en\/wp-json\/wp\/v2\/comments?post=136"}],"version-history":[{"count":10,"href":"http:\/\/tepropharm.com\/en\/wp-json\/wp\/v2\/pages\/136\/revisions"}],"predecessor-version":[{"id":201,"href":"http:\/\/tepropharm.com\/en\/wp-json\/wp\/v2\/pages\/136\/revisions\/201"}],"wp:attachment":[{"href":"http:\/\/tepropharm.com\/en\/wp-json\/wp\/v2\/media?parent=136"}],"curies":[{"name":"wp","href":"https:\/\/api.w.org\/{rel}","templated":true}]}}